{"id":19030,"date":"2025-08-12T23:52:05","date_gmt":"2025-08-12T21:52:05","guid":{"rendered":"https:\/\/beiefritz.lu\/produkt\/de-beiefritz-miel-de-luxembourg-250g\/"},"modified":"2025-08-12T23:52:05","modified_gmt":"2025-08-12T21:52:05","slug":"de-beiefritz-miel-de-luxembourg-250g","status":"publish","type":"product","link":"https:\/\/beiefritz.lu\/fr\/produkt\/de-beiefritz-miel-de-luxembourg-250g\/","title":{"rendered":"DE BEIEFRITZ &#8211; Miel de Luxembourg 250g"},"content":{"rendered":"<p>Le miel cr\u00e9meux luxembourgeois est un d\u00e9licieux produit naturel fabriqu\u00e9 dans les r\u00e9gions pittoresques du Luxembourg. Il se caract\u00e9rise par sa texture douce et cr\u00e9meuse et son go\u00fbt riche. <\/p>\n<p>Le miel luxembourgeois est r\u00e9colt\u00e9 par les abeilles qui butinent le nectar dans les prairies, les for\u00eats et les jardins fleuris du pays. Ce faisant, elles r\u00e9coltent le jus sucr\u00e9 des fleurs, des plantes et des arbres pour en faire du miel. La richesse de la flore et la diversit\u00e9 des paysages du Luxembourg contribuent \u00e0 la cr\u00e9ation d&rsquo;un profil gustatif unique.  <\/p>\n<p>Le miel cr\u00e9meux luxembourgeois se caract\u00e9rise par une texture particuli\u00e8rement douce qui fond dans la bouche. De couleur claire \u00e0 dor\u00e9e, il a un go\u00fbt d\u00e9licat et floral avec des notes l\u00e9g\u00e8rement caram\u00e9lis\u00e9es. Sa consistance cr\u00e9meuse permet de l&rsquo;\u00e9taler facilement sur du pain, des toasts, des crackers ou dans du th\u00e9 ou du yaourt, en ajoutant un \u00e9dulcorant naturel aux aliments.  <\/p>\n<p>Le miel luxembourgeois n&rsquo;est pas seulement d\u00e9licieux, il est \u00e9galement riche en nutriments naturels et en enzymes. Il contient des vitamines, des min\u00e9raux et des antioxydants qui peuvent contribuer \u00e0 soutenir le syst\u00e8me immunitaire. <\/p>\n<p>La production du miel luxembourgeois est r\u00e9alis\u00e9e avec le plus grand soin et dans le respect de normes de qualit\u00e9 \u00e9lev\u00e9es. Nous prenons soin de nos ruches dans le respect de la nature et veillons \u00e0 ce que les abeilles b\u00e9n\u00e9ficient de conditions optimales pour leur travail. <\/p>\n<p>Le miel cr\u00e9meux luxembourgeois est un v\u00e9ritable d\u00e9lice qui capture la beaut\u00e9 et la richesse de la nature luxembourgeoise. Savourez ce merveilleux miel de multiples fa\u00e7ons et laissez-vous tenter par son go\u00fbt incomparable. <\/p>\n<p><em>lux. : L\u00ebtzebuerger Hunneg<\/em><\/p>\n<p>&nbsp;<\/p>\n","protected":false},"excerpt":{"rendered":"<p>Le miel cr\u00e9meux luxembourgeois est un d\u00e9licieux produit naturel fabriqu\u00e9 dans les r\u00e9gions pittoresques du Luxembourg. Il se caract\u00e9rise par sa texture douce et cr\u00e9meuse et son go\u00fbt riche. Le miel luxembourgeois est r\u00e9colt\u00e9 par les abeilles qui butinent le nectar dans les prairies, les for\u00eats et les jardins fleuris du pays. Ce faisant, elles [&#8230;]\n","protected":false},"featured_media":10086,"comment_status":"open","ping_status":"closed","template":"","meta":[],"product_brand":[],"product_cat":[588,193],"product_tag":[430,435,450],"class_list":{"0":"post-19030","1":"product","2":"type-product","3":"status-publish","4":"has-post-thumbnail","6":"product_cat-de-beiefritz-fr","7":"product_cat-miel","8":"product_tag-beiefritz-fr","9":"product_tag-gastro-fr","10":"product_tag-revendeurs-fr","12":"first","13":"instock","14":"taxable","15":"shipping-taxable","16":"purchasable","17":"product-type-simple"},"_links":{"self":[{"href":"https:\/\/beiefritz.lu\/fr\/wp-json\/wp\/v2\/product\/19030","targetHints":{"allow":["GET"]}}],"collection":[{"href":"https:\/\/beiefritz.lu\/fr\/wp-json\/wp\/v2\/product"}],"about":[{"href":"https:\/\/beiefritz.lu\/fr\/wp-json\/wp\/v2\/types\/product"}],"replies":[{"embeddable":true,"href":"https:\/\/beiefritz.lu\/fr\/wp-json\/wp\/v2\/comments?post=19030"}],"wp:featuredmedia":[{"embeddable":true,"href":"https:\/\/beiefritz.lu\/fr\/wp-json\/wp\/v2\/media\/10086"}],"wp:attachment":[{"href":"https:\/\/beiefritz.lu\/fr\/wp-json\/wp\/v2\/media?parent=19030"}],"wp:term":[{"taxonomy":"product_brand","embeddable":true,"href":"https:\/\/beiefritz.lu\/fr\/wp-json\/wp\/v2\/product_brand?post=19030"},{"taxonomy":"product_cat","embeddable":true,"href":"https:\/\/beiefritz.lu\/fr\/wp-json\/wp\/v2\/product_cat?post=19030"},{"taxonomy":"product_tag","embeddable":true,"href":"https:\/\/beiefritz.lu\/fr\/wp-json\/wp\/v2\/product_tag?post=19030"}],"curies":[{"name":"wp","href":"https:\/\/api.w.org\/{rel}","templated":true}]}}