{"id":19044,"date":"2025-09-08T19:18:36","date_gmt":"2025-09-08T17:18:36","guid":{"rendered":"https:\/\/beiefritz.lu\/produkt\/little-bee-fresh-kit-de-demarrage-des-lingettes-en-cire-dabeille-bio-l-m-s-feuilles\/"},"modified":"2026-03-30T21:05:27","modified_gmt":"2026-03-30T19:05:27","slug":"little-bee-fresh-kit-de-demarrage-des-lingettes-en-cire-dabeille-bio-l-m-s-feuilles","status":"publish","type":"product","link":"https:\/\/beiefritz.lu\/fr\/produkt\/little-bee-fresh-kit-de-demarrage-des-lingettes-en-cire-dabeille-bio-l-m-s-feuilles\/","title":{"rendered":"LITTLE BEE FRESH &#8211; Kit de d\u00e9marrage des lingettes en cire d&rsquo;abeille bio (\u00ab\u00a0L\/M\/S\u00a0\u00bb) &#8211; Feuilles"},"content":{"rendered":"<p><strong>Emballe tes aliments naturellement, joliment et sans plastique avec nos chiffons en cire d&rsquo;abeille.<\/strong><\/p>\n<p><strong>Bye-bye le plastique : <\/strong>au lieu d&rsquo;utiliser du film alimentaire en plastique ou du papier aluminium, tu peux emballer tes aliments ou recouvrir les plats avec nos tissus en cire d&rsquo;abeille bio fabriqu\u00e9s \u00e0 partir de mati\u00e8res premi\u00e8res bio.<\/p>\n<p><strong>Elle est r\u00e9utilisable :<\/strong> Jusqu&rsquo;\u00e0 un an, ton chiffon de cire d&rsquo;abeille t&rsquo;accompagnera si tu en prends bien soin. Et accessoirement, tu mets plus de couleur dans ton frigo avec les lingettes.<\/p>\n<p><strong>Fait \u00e0 la main en Allemagne : <\/strong>les foulards sont fabriqu\u00e9s \u00e0 la main avec beaucoup d&rsquo;amour au bord du lac de Constance.<\/p>\n<p>&nbsp;<\/p>\n<h3 class=\"accordion_title\">TES QUESTIONS - NOS R\u00c9PONSES :<\/h3><div class=\"accordion\">\n\t<div id=\"accordion-2381576128\" class=\"accordion-item\">\n\t\t<a id=\"accordion-2381576128-label\" class=\"accordion-title plain\" href=\"#accordion-item-comment-utiliser-ma-lingette-de-cire-d&#039;abeille-bio-?\" aria-expanded=\"false\" aria-controls=\"accordion-2381576128-content\">\n\t\t\t<button class=\"toggle\" aria-label=\"Basculer\"><i class=\"icon-angle-down\" aria-hidden=\"true\"><\/i><\/button>\n\t\t\t<span>Comment utiliser ma lingette de cire d&#039;abeille bio ?<\/span>\n\t\t<\/a>\n\t\t<div id=\"accordion-2381576128-content\" class=\"accordion-inner\" aria-labelledby=\"accordion-2381576128-label\">\n\t\t\t\n<p>Enveloppe les fruits, les l\u00e9gumes, les herbes, le pain et les sandwichs entam\u00e9s avec ton tissu en cire d&rsquo;abeille et recouvre les bols, les coupes et les verres. En fonction de l&rsquo;utilisation que tu feras du tissu, nous te recommandons la taille suivante :<\/p>\n<p>S (15 x 15 cm) : Demi-citrons, oignons, concombres entam\u00e9s, pots de yaourt, petites barquettes, etc.<\/p>\n<p>M (25 x 25 cm) : fruits et l\u00e9gumes coup\u00e9s, herbes fra\u00eeches, fromages fins et pour couvrir les barquettes moyennes<\/p>\n<p>L (35 x 35 cm) : saladiers lors du prochain barbecue, g\u00e2teaux faits maison, p\u00e2te lev\u00e9e a\u00e9r\u00e9e et bien d&rsquo;autres choses encore.<\/p>\n<p>Set de d\u00e9marrage (L, M, S) : les trois tailles standard dans un set pratique pour toutes les situations ! Tu \u00e9conomises m\u00eame 20 % par rapport \u00e0 l&rsquo;achat individuel.<\/p>\n<p>Drap \u00e0 pain XXL (60 x 40 cm) : pains longs, ronds, petits &amp; grands, ciabattas &amp; baguettes ou les courgettes g\u00e9antes oubli\u00e9es du potager sur\u00e9lev\u00e9.<\/p>\n<p>Tiens les extr\u00e9mit\u00e9s bri\u00e8vement &#8211; la chaleur de tes mains rend ton tissu flexible et le fait adh\u00e9rer \u00e0 lui-m\u00eame et \u00e0 toutes les surfaces lisses. Ensuite, tu peux mettre les aliments et les r\u00e9cipients au r\u00e9frig\u00e9rateur, les emporter au prochain barbecue et m\u00eame les congeler.<\/p>\n\t\t<\/div>\n\t<\/div>\n\t\n\t<div id=\"accordion-1596437589\" class=\"accordion-item\">\n\t\t<a id=\"accordion-1596437589-label\" class=\"accordion-title plain\" href=\"#accordion-item-quels-aliments-puis-je-mettre-dans-ma-toile-d&#039;abeille-bio-?\" aria-expanded=\"false\" aria-controls=\"accordion-1596437589-content\">\n\t\t\t<button class=\"toggle\" aria-label=\"Basculer\"><i class=\"icon-angle-down\" aria-hidden=\"true\"><\/i><\/button>\n\t\t\t<span>Quels aliments puis-je mettre dans ma toile d&#039;abeille bio ?<\/span>\n\t\t<\/a>\n\t\t<div id=\"accordion-1596437589-content\" class=\"accordion-inner\" aria-labelledby=\"accordion-1596437589-label\">\n\t\t\t\n<p>Les fruits, les l\u00e9gumes, le pain, les produits de boulangerie, les aliments secs en vrac et les fromages \u00e0 p\u00e2te dure conviennent tr\u00e8s bien pour \u00eatre emball\u00e9s avec un tissu de cire d&rsquo;abeille. Tu peux aussi en recouvrir des plats et des bols.<\/p>\n<p>La viande crue, la charcuterie et le poisson cru ne conviennent pas \u00e0 ta toile cir\u00e9e. Tu ne devrais pas non plus envelopper des aliments tr\u00e8s gras dans ta toile cir\u00e9e.<\/p>\n\t\t<\/div>\n\t<\/div>\n\t\n\t<div id=\"accordion-1965731792\" class=\"accordion-item\">\n\t\t<a id=\"accordion-1965731792-label\" class=\"accordion-title plain\" href=\"#accordion-item-de-quoi-est-compos\u00e9e-ma-toile-d&#039;abeille-bio-?\" aria-expanded=\"false\" aria-controls=\"accordion-1965731792-content\">\n\t\t\t<button class=\"toggle\" aria-label=\"Basculer\"><i class=\"icon-angle-down\" aria-hidden=\"true\"><\/i><\/button>\n\t\t\t<span>De quoi est compos\u00e9e ma toile d&#039;abeille bio ?<\/span>\n\t\t<\/a>\n\t\t<div id=\"accordion-1965731792-content\" class=\"accordion-inner\" aria-labelledby=\"accordion-1965731792-label\">\n\t\t\t\n<p>Seules des mati\u00e8res premi\u00e8res s\u00e9lectionn\u00e9es et issues de l <strong>&lsquo;agriculture biologique certifi\u00e9e <\/strong>sont utilis\u00e9es :<\/p>\n<ul>\n<li><strong>Coton bio<\/strong> (avec le label textile le plus strict, imprim\u00e9 en Allemagne)<\/li>\n<li><strong>Cire d&rsquo;abeille bio<\/strong> provenant d&rsquo;apiculteurs bio r\u00e9gionaux d&rsquo;Allemagne et d&rsquo;Autriche (analyse suppl\u00e9mentaire des pesticides, des substances nocives et des falsifications)<\/li>\n<li><strong>R\u00e9sine d&rsquo;arbre<\/strong> provenant d&rsquo;une des derni\u00e8res pecheries traditionnelles d&rsquo;Autriche<\/li>\n<\/ul>\n<p>Nos lingettes en cire d&rsquo;abeille bio ne <strong>contiennent pas d&rsquo;huile de jojoba<\/strong>.<\/p>\n\t\t<\/div>\n\t<\/div>\n\t\n\t<div id=\"accordion-1395557047\" class=\"accordion-item\">\n\t\t<a id=\"accordion-1395557047-label\" class=\"accordion-title plain\" href=\"#accordion-item-\u00c0-quoi-dois-je-faire-attention-lors-de-la-manipulation-?\" aria-expanded=\"false\" aria-controls=\"accordion-1395557047-content\">\n\t\t\t<button class=\"toggle\" aria-label=\"Basculer\"><i class=\"icon-angle-down\" aria-hidden=\"true\"><\/i><\/button>\n\t\t\t<span>\u00c0 quoi dois-je faire attention lors de la manipulation ?<\/span>\n\t\t<\/a>\n\t\t<div id=\"accordion-1395557047-content\" class=\"accordion-inner\" aria-labelledby=\"accordion-1395557047-label\">\n\t\t\t\n<p>La cire est sensible \u00e0 la chaleur. C&rsquo;est pourquoi tu dois conserver ton foulard dans des endroits o\u00f9 il est \u00e0 l&rsquo;abri des rayons directs du soleil. En \u00e9t\u00e9, un endroit ombrag\u00e9, le r\u00e9frig\u00e9rateur ou m\u00eame le cong\u00e9lateur est optimal pour ta toile de cire d&rsquo;abeille.<\/p>\n\t\t<\/div>\n\t<\/div>\n\t\n\t<div id=\"accordion-3100379202\" class=\"accordion-item\">\n\t\t<a id=\"accordion-3100379202-label\" class=\"accordion-title plain\" href=\"#accordion-item-comment-nettoyer-ma-toile-d&#039;abeille-bio-?\" aria-expanded=\"false\" aria-controls=\"accordion-3100379202-content\">\n\t\t\t<button class=\"toggle\" aria-label=\"Basculer\"><i class=\"icon-angle-down\" aria-hidden=\"true\"><\/i><\/button>\n\t\t\t<span>Comment nettoyer ma toile d&#039;abeille bio ?<\/span>\n\t\t<\/a>\n\t\t<div id=\"accordion-3100379202-content\" class=\"accordion-inner\" aria-labelledby=\"accordion-3100379202-label\">\n\t\t\t\n<p>Apr\u00e8s utilisation, lave la toile \u00e0 l&rsquo;eau <strong>froide ( !)<\/strong> et avec <strong>un produit vaisselle sans alcool.<\/strong> Laisse s\u00e9cher ta toile cir\u00e9e \u00e0 l&rsquo;air libre apr\u00e8s l&rsquo;avoir lav\u00e9e.<\/p>\n\t\t<\/div>\n\t<\/div>\n\t\n\t<div id=\"accordion-1518133547\" class=\"accordion-item\">\n\t\t<a id=\"accordion-1518133547-label\" class=\"accordion-title plain\" href=\"#accordion-item-combien-de-temps-puis-je-utiliser-la-lingette-?\" aria-expanded=\"false\" aria-controls=\"accordion-1518133547-content\">\n\t\t\t<button class=\"toggle\" aria-label=\"Basculer\"><i class=\"icon-angle-down\" aria-hidden=\"true\"><\/i><\/button>\n\t\t\t<span>Combien de temps puis-je utiliser la lingette ?<\/span>\n\t\t<\/a>\n\t\t<div id=\"accordion-1518133547-content\" class=\"accordion-inner\" aria-labelledby=\"accordion-1518133547-label\">\n\t\t\t\n<p>Si elle est bien entretenue, la toile cir\u00e9e d&rsquo;abeille peut \u00eatre utilis\u00e9e <strong>jusqu&rsquo;\u00e0 un an<\/strong>.<\/p>\n<p>Si votre toile cir\u00e9e d&rsquo;abeille n&rsquo;est plus utilisable, vous pouvez simplement la <strong>recycler<\/strong> dans le <strong>compost<\/strong> ou m\u00eame l&rsquo;utiliser comme <strong>allume-feu pour barbecue <\/strong>.<\/p>\n\t\t<\/div>\n\t<\/div>\n\t\n<\/div>\n","protected":false},"excerpt":{"rendered":"<h2><span style=\"font-size: 75%;\"><strong>Kit id\u00e9al pour commencer, avec lequel tu peux emballer diff\u00e9rents aliments !<\/strong><\/span><\/h2>\n<p><strong>Tes avantages :<\/strong><\/p>\n<ul>\n<li>La cire d&rsquo;abeille garde tes aliments frais beaucoup plus longtemps<\/li>\n<li>la meilleure alternative au film alimentaire<\/li>\n<li>tu peux emballer tes aliments sans plastique<\/li>\n<li>dure 1 \u00e0 2 ans<\/li>\n<\/ul>\n<p><span style=\"color: #008000;\"><strong>Tu \u00e9conomises 20% dans le kit de d\u00e9marrage par rapport \u00e0 l&rsquo;achat individuel et tu re\u00e7ois :<\/strong><\/span><\/p>\n<p>1x grand chiffon \u00ab\u00a0L\u00a0\u00bb (35 x 35 cm), 1x chiffon moyen \u00ab\u00a0M\u00a0\u00bb (25 x 25 cm), 1x petit chiffon \u00ab\u00a0S\u00a0\u00bb (15 x 15 cm)<\/p>\n<p><strong>Mati\u00e8res premi\u00e8res utilis\u00e9es :<\/strong><br \/>\nCoton biologique, cire d&rsquo;abeille biologique, r\u00e9sine d&rsquo;arbre.<\/p>\n","protected":false},"featured_media":0,"comment_status":"open","ping_status":"closed","template":"","meta":[],"product_brand":[],"product_cat":[656,539],"product_tag":[],"class_list":{"0":"post-19044","1":"product","2":"type-product","3":"status-publish","5":"product_cat-bio-fr","6":"product_cat-lingette-de-cire-dabeille-kit-de-demarrage","8":"first","9":"outofstock","10":"taxable","11":"shipping-taxable","12":"purchasable","13":"product-type-simple"},"_links":{"self":[{"href":"https:\/\/beiefritz.lu\/fr\/wp-json\/wp\/v2\/product\/19044","targetHints":{"allow":["GET"]}}],"collection":[{"href":"https:\/\/beiefritz.lu\/fr\/wp-json\/wp\/v2\/product"}],"about":[{"href":"https:\/\/beiefritz.lu\/fr\/wp-json\/wp\/v2\/types\/product"}],"replies":[{"embeddable":true,"href":"https:\/\/beiefritz.lu\/fr\/wp-json\/wp\/v2\/comments?post=19044"}],"wp:attachment":[{"href":"https:\/\/beiefritz.lu\/fr\/wp-json\/wp\/v2\/media?parent=19044"}],"wp:term":[{"taxonomy":"product_brand","embeddable":true,"href":"https:\/\/beiefritz.lu\/fr\/wp-json\/wp\/v2\/product_brand?post=19044"},{"taxonomy":"product_cat","embeddable":true,"href":"https:\/\/beiefritz.lu\/fr\/wp-json\/wp\/v2\/product_cat?post=19044"},{"taxonomy":"product_tag","embeddable":true,"href":"https:\/\/beiefritz.lu\/fr\/wp-json\/wp\/v2\/product_tag?post=19044"}],"curies":[{"name":"wp","href":"https:\/\/api.w.org\/{rel}","templated":true}]}}