{"id":19054,"date":"2026-04-19T23:54:58","date_gmt":"2026-04-19T21:54:58","guid":{"rendered":"https:\/\/beiefritz.lu\/produkt\/nougat-de-miel-nougat-artisanal-au-miel-aux-amandes-et-aux-pistaches-env-100-g\/"},"modified":"2026-04-19T23:56:06","modified_gmt":"2026-04-19T21:56:06","slug":"nougat-de-miel-nougat-artisanal-au-miel-aux-amandes-et-aux-pistaches-env-100-g","status":"publish","type":"product","link":"https:\/\/beiefritz.lu\/fr\/produkt\/nougat-de-miel-nougat-artisanal-au-miel-aux-amandes-et-aux-pistaches-env-100-g\/","title":{"rendered":"Nougat de Miel &#8211; nougat artisanal au miel, aux amandes et aux pistaches (env. 100 g)"},"content":{"rendered":"<p data-start=\"202\" data-end=\"488\">Ce <strong data-start=\"209\" data-end=\"254\">nougat au miel artisanal de Provence<\/strong> associe le miel de lavande le plus fin \u00e0 des amandes et des pistaches s\u00e9lectionn\u00e9es pour en faire une sp\u00e9cialit\u00e9 particuli\u00e8re. La combinaison d&rsquo;une douceur d\u00e9licate, d&rsquo;un l\u00e9ger go\u00fbt de noisette et d&rsquo;une texture fine fait de ce nougat un v\u00e9ritable moment de plaisir. <\/p>\n<p data-start=\"490\" data-end=\"740\">Fabriqu\u00e9 selon une recette traditionnelle, ce nougat s\u00e9duit par sa finition de qualit\u00e9 et ses ingr\u00e9dients naturels. La douceur discr\u00e8te du miel s&rsquo;harmonise parfaitement avec la l\u00e9g\u00e8re fra\u00eecheur des pistaches et l&rsquo;ar\u00f4me intense des amandes. <\/p>\n<p data-start=\"742\" data-end=\"841\">Id\u00e9al comme petite attention, avec le caf\u00e9 ou simplement pour un plaisir particulier entre deux.<\/p>\n<p data-start=\"1980\" data-end=\"2204\">Comme il s&rsquo;agit d&rsquo;un produit naturel fabriqu\u00e9 de mani\u00e8re traditionnelle, sa consistance peut varier l\u00e9g\u00e8rement. Certains morceaux sont un peu plus mous, d&rsquo;autres un peu plus fermes. C&rsquo;est pr\u00e9cis\u00e9ment ce qui fait le caract\u00e8re artisanal de ce nougat.  <\/p>\n<h3 data-section-id=\"ynqykb\" data-start=\"2206\" data-end=\"2214\">Conseil<\/h3>\n<p data-start=\"2215\" data-end=\"2373\">Si vous souhaitez retirer plus facilement le film protecteur, placez le nougat bri\u00e8vement au r\u00e9frig\u00e9rateur avant de l&rsquo;ouvrir. Cela permet g\u00e9n\u00e9ralement de retirer le film plus facilement. <\/p>\n<hr data-start=\"843\" data-end=\"846\">\n<h3 data-section-id=\"wp9a3m\" data-start=\"848\" data-end=\"870\">\u2705 D\u00e9tails du produit<\/h3>\n<ul data-start=\"871\" data-end=\"1016\">\n<li data-section-id=\"1uoys83\" data-start=\"871\" data-end=\"904\">Nougat au miel de lavande<\/li>\n<li data-section-id=\"1nsntgh\" data-start=\"905\" data-end=\"934\">Avec des amandes et des pistaches<\/li>\n<li data-section-id=\"6j7wd0\" data-start=\"935\" data-end=\"966\">Fabriqu\u00e9 \u00e0 la main en France<\/li>\n<li data-section-id=\"nhuhyo\" data-start=\"967\" data-end=\"1002\">Consistance d\u00e9licate et l\u00e9g\u00e8rement molle<\/li>\n<li data-section-id=\"fxy1zm\" data-start=\"1003\" data-end=\"1016\">Environ 100 g<\/li>\n<\/ul>\n<hr data-start=\"1018\" data-end=\"1021\">\n<h3 data-section-id=\"1mrsei3\" data-start=\"1023\" data-end=\"1040\">\ud83d\udccd Origine<\/h3>\n<p data-start=\"1041\" data-end=\"1095\">France &#8211; fabrication traditionnelle en Provence<\/p>\n<hr data-start=\"1097\" data-end=\"1100\">\n<h3 data-section-id=\"1w7n30j\" data-start=\"1102\" data-end=\"1118\">\ud83e\uddfe Ingr\u00e9dients<\/h3>\n<p data-start=\"1119\" data-end=\"1185\">Miel de lavande, sucre, amandes, pistaches, blanc d&rsquo;\u0153uf, aplatis, eau<\/p>\n<hr data-start=\"1187\" data-end=\"1190\">\n<h3 data-section-id=\"4j7iaa\" data-start=\"1192\" data-end=\"1209\">\u2139\ufe0f Notes<\/h3>\n<p data-start=\"1210\" data-end=\"1290\">Conserver dans un endroit frais et sec.<br data-start=\"1234\" data-end=\"1237\">Peut contenir des traces d&rsquo;autres fruits \u00e0 coque.<\/p>\n<p data-start=\"1292\" data-end=\"1368\"><strong data-start=\"1292\" data-end=\"1304\">Remarque :<\/strong> l&rsquo;image du produit peut \u00eatre l\u00e9g\u00e8rement diff\u00e9rente de l&rsquo;article livr\u00e9.<\/p>\n","protected":false},"excerpt":{"rendered":"<p>Ce nougat au miel artisanal de Provence associe le miel de lavande le plus fin \u00e0 des amandes et des pistaches s\u00e9lectionn\u00e9es pour en faire une sp\u00e9cialit\u00e9 particuli\u00e8re. La combinaison d&rsquo;une douceur d\u00e9licate, d&rsquo;un l\u00e9ger go\u00fbt de noisette et d&rsquo;une texture fine fait de ce nougat un v\u00e9ritable moment de plaisir. Fabriqu\u00e9 selon une recette [&#8230;]\n","protected":false},"featured_media":19058,"comment_status":"open","ping_status":"closed","template":"","meta":[],"product_brand":[],"product_cat":[597,257,269],"product_tag":[],"class_list":{"0":"post-19054","1":"product","2":"type-product","3":"status-publish","4":"has-post-thumbnail","6":"product_cat-miels-de-varietes","7":"product_cat-nouveau","8":"product_cat-sucreries","10":"first","11":"instock","12":"taxable","13":"shipping-taxable","14":"purchasable","15":"product-type-simple"},"_links":{"self":[{"href":"https:\/\/beiefritz.lu\/fr\/wp-json\/wp\/v2\/product\/19054","targetHints":{"allow":["GET"]}}],"collection":[{"href":"https:\/\/beiefritz.lu\/fr\/wp-json\/wp\/v2\/product"}],"about":[{"href":"https:\/\/beiefritz.lu\/fr\/wp-json\/wp\/v2\/types\/product"}],"replies":[{"embeddable":true,"href":"https:\/\/beiefritz.lu\/fr\/wp-json\/wp\/v2\/comments?post=19054"}],"wp:featuredmedia":[{"embeddable":true,"href":"https:\/\/beiefritz.lu\/fr\/wp-json\/wp\/v2\/media\/19058"}],"wp:attachment":[{"href":"https:\/\/beiefritz.lu\/fr\/wp-json\/wp\/v2\/media?parent=19054"}],"wp:term":[{"taxonomy":"product_brand","embeddable":true,"href":"https:\/\/beiefritz.lu\/fr\/wp-json\/wp\/v2\/product_brand?post=19054"},{"taxonomy":"product_cat","embeddable":true,"href":"https:\/\/beiefritz.lu\/fr\/wp-json\/wp\/v2\/product_cat?post=19054"},{"taxonomy":"product_tag","embeddable":true,"href":"https:\/\/beiefritz.lu\/fr\/wp-json\/wp\/v2\/product_tag?post=19054"}],"curies":[{"name":"wp","href":"https:\/\/api.w.org\/{rel}","templated":true}]}}